{"id":14629,"date":"2021-05-26T15:41:37","date_gmt":"2021-05-26T13:41:37","guid":{"rendered":"https:\/\/amspiegeln.at\/home\/"},"modified":"2026-02-17T14:56:00","modified_gmt":"2026-02-17T13:56:00","slug":"home","status":"publish","type":"page","link":"https:\/\/amspiegeln.at\/it\/","title":{"rendered":"Home"},"content":{"rendered":"<div class=\"wpb-content-wrapper\"><p>[vc_row row_content_width=&#8221;grid&#8221; css=&#8221;.vc_custom_1732193562040{padding-top: 100px !important;padding-bottom: 20px !important;}&#8221;][vc_column width=&#8221;1\/6&#8243;][\/vc_column][vc_column width=&#8221;2\/3&#8243;]<div class=\"mkdf-section-title-holder  mkdf-st-standard mkdf-st-ha-center mkdf-st-title-left mkdf-st-normal-space \" style=\"text-align: center\">\n\t<div class=\"mkdf-st-inner\">\n\t\t\t\t\t\t\t<h1 class=\"mkdf-st-title\" >\n\t\t\t\tBENVENUTI nel Hotel del Dialogo a Vienna!\t\t\t\t\t\t\t<\/h1>\n\t\t\t\t\t\t\t<div class=\"mkdf-st-separator\" style=\"background-color: #e41d37\"><\/div>\n\t\t\t\t\t\t\t<p class=\"mkdf-st-text\" style=\"font-size:18px\">\n\t\t\t\tIl dialog.hotel.wien Am Spiegeln \u00e8 un hotel curato con amore e dall'atmosfera familiare. Situato in una posizione tranquilla, vi offre un luogo di relax tra Bosco Viennese e Castello di Sch\u00f6nbrunn e allo stesso tempo condizioni perfette per seminari e conferenze. Uniamo il prezioso al piacevole.\t\t\t<\/p>\n\t\t\t<\/div>\n<\/div>[\/vc_column][vc_column width=&#8221;1\/6&#8243;][\/vc_column][\/vc_row][vc_row content_placement=&#8221;middle&#8221; css=&#8221;.vc_custom_1753086050892{padding-top: 0px !important;padding-bottom: 0px !important;}&#8221;][vc_column width=&#8221;1\/6&#8243; el_class=&#8221;spiegel-center&#8221; offset=&#8221;vc_col-md-2&#8243;][\/vc_column][vc_column width=&#8221;2\/3&#8243; offset=&#8221;vc_col-md-4 vc_hidden-sm vc_hidden-xs&#8221;][vc_single_image image=&#8221;15009&#8243; img_size=&#8221;full&#8221; alignment=&#8221;center&#8221; css=&#8221;&#8221;][\/vc_column][vc_column width=&#8221;2\/3&#8243; offset=&#8221;vc_col-md-4&#8243;][vc_column_text css=&#8221;&#8221;]<\/p>\n<ul>\n<li><a href=\"https:\/\/amspiegeln.at\/it\/servizi\/\" target=\"_blank\" rel=\"noopener\">Migliore prezzo garantito<\/a><\/li>\n<li>Parcheggio gratuito, anche per pullmini<\/li>\n<li>Colazione a buffet, nei giorni feriali dalle 6.30 del mattino<\/li>\n<li>Sale per seminari top attrezzate, in parte climatizzate<\/li>\n<li>Cappella per la preghiera e la meditazione<\/li>\n<li>Ampio giardino per momenti di tranquillit\u00e0 fuori<\/li>\n<li>Sensibilit\u00e0 ambientale &#8211; titolare del marchio austriaco Ecolabel<\/li>\n<\/ul>\n<p>[\/vc_column_text][\/vc_column][vc_column offset=&#8221;vc_hidden-lg vc_col-md-2 vc_hidden-md&#8221;][vc_empty_space height=&#8221;40px&#8221;][vc_single_image image=&#8221;15009&#8243; img_size=&#8221;full&#8221; alignment=&#8221;center&#8221; css=&#8221;&#8221;][\/vc_column][\/vc_row][vc_row row_content_width=&#8221;grid&#8221; css=&#8221;.vc_custom_1731577075234{padding-top: 20px !important;padding-bottom: 50px !important;}&#8221;][vc_column width=&#8221;1\/6&#8243;][\/vc_column][vc_column width=&#8221;2\/3&#8243; el_class=&#8221;spiegel-center&#8221;][vc_column_text css=&#8221;&#8221;]Grazie ai buoni collegamenti con la rete di trasporti pubblici, \u00e8 possibile raggiungere il centro citt\u00e0 in modo rapido e semplice. L&#8217;aeroporto \u00e8 raggiungibile in soli 30 minuti di auto. Scoprite non solo il comfort, ma anche l&#8217;arte, con le opere di Annemarie Baumgarten e le sculture di Ciro.<\/p>\n<p>Il vostro benessere \u00e8 importante per noi. Siete sempre i benvenuti![\/vc_column_text][\/vc_column][vc_column width=&#8221;1\/6&#8243;][\/vc_column][\/vc_row][vc_row css=&#8221;.vc_custom_1733134695721{padding-top: 50px !important;padding-bottom: 40px !important;}&#8221;][vc_column width=&#8221;1\/3&#8243; el_class=&#8221;spiegel-center&#8221;]<div class=\"mkdf-iwt clearfix spiegel-icon-height mkdf-iwt-icon-top mkdf-iwt-icon-medium mkdf-iwt-has-separator\">\n\t<div class=\"mkdf-iwt-icon\">\n\t\t\t\t\t<a itemprop=\"url\" href=\"https:\/\/amspiegeln.at\/it\/camere\/\" target=\"_self\">\n\t\t\t\t\t\t\t\t\t<img loading=\"lazy\" decoding=\"async\" width=\"1\" height=\"1\" src=\"https:\/\/amspiegeln.at\/wp-content\/uploads\/2021\/04\/zimmer.svg\" class=\"attachment-full size-full\" alt=\"\" \/>\t\t\t\t\t\t\t\t<\/a>\n\t\t\t<\/div>\n\t<div class=\"mkdf-iwt-content\" >\n\t\t\t\t\t<h5 class=\"mkdf-iwt-title\" style=\"margin-top:18px\">\n\t\t\t\t\t\t\t\t\t<a itemprop=\"url\" href=\"https:\/\/amspiegeln.at\/it\/camere\/\" target=\"_self\">\n\t\t\t\t\t\t\t\t<span class=\"mkdf-iwt-title-text\">dialog.hotel<\/span>\n\t\t\t\t\t\t\t\t\t<\/a>\n\t\t\t\t\t\t\t\t\t\t\t<\/h5>\n\t\t\t\t\t\t\t<div class=\"mkdf-iwt-separator\" ><\/div>\n\t\t\t\t\t\t\t<p class=\"mkdf-iwt-text\" >Nelle 25 camere i nostri ospiti si sentono a casa. Approfittate della nostra garanzia del MIGLIOR PREZZO prenotando direttamente sulla nostra homepage, codice promozionale di dialogo.<\/p>\n\t\t\t\t\t<\/div>\n<\/div>[vc_empty_space height=&#8221;15px&#8221;]<a itemprop=\"url\" href=\"https:\/\/amspiegeln.at\/it\/camere\/\" target=\"_self\" style=\"margin: 0px auto 0px auto\" class=\"mkdf-btn mkdf-btn-medium mkdf-btn-simple\"  >\n    <span class=\"mkdf-btn-text\">leggi di pi\u00f9<\/span>\n    <\/a>[vc_empty_space height=&#8221;40px&#8221;]<a itemprop=\"url\" href=\"https:\/\/be.synxis.com\/?adult=2&#038;chain=5375&#038;currency=EUR&#038;hotel=26574&#038;locale=it-IT&#038;promo=dialog\" target=\"_self\" style=\"margin: 0px auto 0px auto\" class=\"mkdf-btn mkdf-btn-medium mkdf-btn-outline\"  >\n    <span class=\"mkdf-btn-text\">Prenota ora<\/span>\n    <\/a>[vc_empty_space height=&#8221;80px&#8221;][\/vc_column][vc_column width=&#8221;1\/3&#8243; el_class=&#8221;spiegel-center&#8221;]<div class=\"mkdf-iwt clearfix spiegel-icon-height mkdf-iwt-icon-top mkdf-iwt-icon-medium mkdf-iwt-has-separator\">\n\t<div class=\"mkdf-iwt-icon\">\n\t\t\t\t\t<a itemprop=\"url\" href=\"https:\/\/amspiegeln.at\/it\/convegni\/\" target=\"_self\">\n\t\t\t\t\t\t\t\t\t<img loading=\"lazy\" decoding=\"async\" width=\"1\" height=\"1\" src=\"https:\/\/amspiegeln.at\/wp-content\/uploads\/2021\/04\/tagen.svg\" class=\"attachment-full size-full\" alt=\"\" \/>\t\t\t\t\t\t\t\t<\/a>\n\t\t\t<\/div>\n\t<div class=\"mkdf-iwt-content\" >\n\t\t\t\t\t<h5 class=\"mkdf-iwt-title\" style=\"margin-top:18px\">\n\t\t\t\t\t\t\t\t\t<a itemprop=\"url\" href=\"https:\/\/amspiegeln.at\/it\/convegni\/\" target=\"_self\">\n\t\t\t\t\t\t\t\t<span class=\"mkdf-iwt-title-text\">convegni.vienna<\/span>\n\t\t\t\t\t\t\t\t\t<\/a>\n\t\t\t\t\t\t\t\t\t\t\t<\/h5>\n\t\t\t\t\t\t\t<div class=\"mkdf-iwt-separator\" ><\/div>\n\t\t\t\t\t\t\t<p class=\"mkdf-iwt-text\" >Desidera organizzare un convegno o una festa \u2013 qui trover\u00e0 gli ambienti adatti, event-know-how e l\u2019atmosfera giusta. Il nostro hotel \u00e8 facilmente raggiungibile e in mezzo al verde.<\/p>\n\t\t\t\t\t<\/div>\n<\/div>[vc_empty_space height=&#8221;15px&#8221;]<a itemprop=\"url\" href=\"https:\/\/amspiegeln.at\/it\/convegni\/\" target=\"_self\" style=\"margin: 0px auto 0px auto\" class=\"mkdf-btn mkdf-btn-medium mkdf-btn-simple\"  >\n    <span class=\"mkdf-btn-text\">leggi di pi\u00f9<\/span>\n    <\/a>[vc_empty_space height=&#8221;40px&#8221;]<a itemprop=\"url\" href=\"https:\/\/amspiegeln.at\/it\/richiesta\/\" target=\"_self\"  class=\"mkdf-btn mkdf-btn-medium mkdf-btn-outline\"  >\n    <span class=\"mkdf-btn-text\">Richiesta convegni<\/span>\n    <\/a>[vc_empty_space height=&#8221;80px&#8221;][\/vc_column][vc_column width=&#8221;1\/3&#8243; el_class=&#8221;spiegel-center&#8221;]<div class=\"mkdf-iwt clearfix spiegel-icon-height mkdf-iwt-icon-top mkdf-iwt-icon-medium mkdf-iwt-has-separator\">\n\t<div class=\"mkdf-iwt-icon\">\n\t\t\t\t\t<a itemprop=\"url\" href=\"https:\/\/amspiegeln.at\/it\/vacanze-vienna\/\" target=\"_self\">\n\t\t\t\t\t\t\t\t\t<img loading=\"lazy\" decoding=\"async\" width=\"1\" height=\"1\" src=\"https:\/\/amspiegeln.at\/wp-content\/uploads\/2021\/04\/events.svg\" class=\"attachment-full size-full\" alt=\"\" \/>\t\t\t\t\t\t\t\t<\/a>\n\t\t\t<\/div>\n\t<div class=\"mkdf-iwt-content\" >\n\t\t\t\t\t<h5 class=\"mkdf-iwt-title\" style=\"margin-top:18px\">\n\t\t\t\t\t\t\t\t\t<a itemprop=\"url\" href=\"https:\/\/amspiegeln.at\/it\/vacanze-vienna\/\" target=\"_self\">\n\t\t\t\t\t\t\t\t<span class=\"mkdf-iwt-title-text\">Italiani benvenuti!<\/span>\n\t\t\t\t\t\t\t\t\t<\/a>\n\t\t\t\t\t\t\t\t\t\t\t<\/h5>\n\t\t\t\t\t\t\t<div class=\"mkdf-iwt-separator\" ><\/div>\n\t\t\t\t\t\t\t<p class=\"mkdf-iwt-text\" >Venite dall\u2019Italia e cercate un hotel a Vienna? Qui parliamo italiano e vi diamo ogni sostegno per trovarvi bene. Famiglie, gruppi di amici, persone singole: tutti sono benvenuti!<\/p>\n\t\t\t\t\t<\/div>\n<\/div>[vc_empty_space height=&#8221;15px&#8221;]<a itemprop=\"url\" href=\"https:\/\/amspiegeln.at\/it\/vacanze-vienna\" target=\"_self\" style=\"margin: 0px auto 0px auto\" class=\"mkdf-btn mkdf-btn-medium mkdf-btn-simple\"  >\n    <span class=\"mkdf-btn-text\">leggi di pi\u00f9<\/span>\n    <\/a>[vc_empty_space height=&#8221;40px&#8221;]<a itemprop=\"url\" href=\"https:\/\/amspiegeln.at\/it\/richiesta\" target=\"_self\"  class=\"mkdf-btn mkdf-btn-medium mkdf-btn-outline\"  >\n    <span class=\"mkdf-btn-text\">Richiesta<\/span>\n    <\/a>[vc_empty_space height=&#8221;80px&#8221;][\/vc_column][\/vc_row][vc_row][vc_column][vc_widget_sidebar sidebar_id=&#8221;content-bottom&#8221;][\/vc_column][\/vc_row]<\/p>\n<\/div>","protected":false},"excerpt":{"rendered":"<p>[vc_row row_content_width=&#8221;grid&#8221; css=&#8221;.vc_custom_1732193562040{padding-top: 100px !important;padding-bottom: 20px !important;}&#8221;][vc_column width=&#8221;1\/6&#8243;][\/vc_column][vc_column width=&#8221;2\/3&#8243;][\/vc_column][vc_column width=&#8221;1\/6&#8243;][\/vc_column][\/vc_row][vc_row content_placement=&#8221;middle&#8221; css=&#8221;.vc_custom_1753086050892{padding-top: 0px !important;padding-bottom: 0px !important;}&#8221;][vc_column width=&#8221;1\/6&#8243; el_class=&#8221;spiegel-center&#8221; offset=&#8221;vc_col-md-2&#8243;][\/vc_column][vc_column width=&#8221;2\/3&#8243; offset=&#8221;vc_col-md-4 vc_hidden-sm vc_hidden-xs&#8221;][vc_single_image image=&#8221;15009&#8243; img_size=&#8221;full&#8221; alignment=&#8221;center&#8221; css=&#8221;&#8221;][\/vc_column][vc_column width=&#8221;2\/3&#8243; offset=&#8221;vc_col-md-4&#8243;][vc_column_text css=&#8221;&#8221;] Migliore prezzo garantito Parcheggio gratuito, anche per pullmini Colazione a [&hellip;]<\/p>\n","protected":false},"author":1,"featured_media":0,"parent":0,"menu_order":0,"comment_status":"closed","ping_status":"closed","template":"","meta":{"inline_featured_image":false,"footnotes":""},"class_list":["post-14629","page","type-page","status-publish","hentry"],"_links":{"self":[{"href":"https:\/\/amspiegeln.at\/it\/wp-json\/wp\/v2\/pages\/14629","targetHints":{"allow":["GET"]}}],"collection":[{"href":"https:\/\/amspiegeln.at\/it\/wp-json\/wp\/v2\/pages"}],"about":[{"href":"https:\/\/amspiegeln.at\/it\/wp-json\/wp\/v2\/types\/page"}],"author":[{"embeddable":true,"href":"https:\/\/amspiegeln.at\/it\/wp-json\/wp\/v2\/users\/1"}],"replies":[{"embeddable":true,"href":"https:\/\/amspiegeln.at\/it\/wp-json\/wp\/v2\/comments?post=14629"}],"version-history":[{"count":34,"href":"https:\/\/amspiegeln.at\/it\/wp-json\/wp\/v2\/pages\/14629\/revisions"}],"predecessor-version":[{"id":17297,"href":"https:\/\/amspiegeln.at\/it\/wp-json\/wp\/v2\/pages\/14629\/revisions\/17297"}],"wp:attachment":[{"href":"https:\/\/amspiegeln.at\/it\/wp-json\/wp\/v2\/media?parent=14629"}],"curies":[{"name":"wp","href":"https:\/\/api.w.org\/{rel}","templated":true}]}}