{"id":14694,"date":"2021-05-26T17:13:06","date_gmt":"2021-05-26T15:13:06","guid":{"rendered":"https:\/\/amspiegeln.at\/la-nostra-filosofia\/"},"modified":"2024-11-27T17:41:32","modified_gmt":"2024-11-27T16:41:32","slug":"la-nostra-filosofia","status":"publish","type":"page","link":"https:\/\/amspiegeln.at\/it\/la-nostra-filosofia\/","title":{"rendered":"La nostra filosofia"},"content":{"rendered":"<div class=\"wpb-content-wrapper\"><p>[vc_row row_content_width=&#8221;grid&#8221; css=&#8221;.vc_custom_1620822436695{padding-top: 100px !important;padding-bottom: 60px !important;}&#8221;][vc_column width=&#8221;1\/6&#8243;][\/vc_column][vc_column width=&#8221;2\/3&#8243; el_class=&#8221;spiegel-center&#8221;]<div class=\"mkdf-section-title-holder  mkdf-st-standard mkdf-st-ha-center mkdf-st-title-left mkdf-st-normal-space \" style=\"text-align: center\">\n\t<div class=\"mkdf-st-inner\">\n\t\t\t\t\t<h6 class=\"mkdf-st-subtitle\" style=\"margin-bottom:0px\">\n\t\t\t\tChi siamo\t\t\t<\/h6>\n\t\t\t\t\t\t\t<h2 class=\"mkdf-st-title\" >\n\t\t\t\tLa nostra filosofia\t\t\t\t\t\t\t<\/h2>\n\t\t\t\t\t\t\t<div class=\"mkdf-st-separator\" ><\/div>\n\t\t\t\t\t<\/div>\n<\/div>[\/vc_column][vc_column width=&#8221;1\/6&#8243;][\/vc_column][\/vc_row][vc_row row_content_width=&#8221;grid&#8221; css=&#8221;.vc_custom_1622106179903{padding-bottom: 120px !important;}&#8221;][vc_column width=&#8221;1\/6&#8243;][\/vc_column][vc_column width=&#8221;2\/3&#8243;]<div class=\"mkdf-section-title-holder  mkdf-st-standard mkdf-st-ha-center mkdf-st-title-left mkdf-st-normal-space \" style=\"text-align: center\">\n\t<div class=\"mkdf-st-inner\">\n\t\t\t\t\t\t\t<h3 class=\"mkdf-st-title\" >\n\t\t\t\tTutta la vita \u00e8 relazione.\t\t\t\t\t\t\t<\/h3>\n\t\t\t\t\t\t\t<\/div>\n<\/div>[vc_column_text css=&#8221;.vc_custom_1732725375501{padding-top: 18px !important;}&#8221;]Affinch\u00e9 la nostra vita abbia successo, abbiamo bisogno di una comunit\u00e0. Nelle famiglie, nelle aziende, nelle organizzazioni e nei Paesi. Nessuno pu\u00f2 essere felice da solo. Ma la comunit\u00e0 ha bisogno di incontri. Non un incontro fugace: un vero dialogo da tu a tu.<\/p>\n<p>Am Spiegeln \u00e8 una casa dove le persone possono incontrare se stesse e gli altri senza pregiudizi. Una casa in cui le persone possono entrare consapevolmente in relazione con tutto ci\u00f2 che ci circonda e cos\u00ec plasmare il mondo insieme. Una casa in cui noi, insieme alla nostra citt\u00e0 e alla nostra societ\u00e0, possiamo esplorare come potrebbe essere il prossimo passo verso il futuro e quindi cambiare il mondo insieme. Questo \u00e8 l&#8217;obiettivo della nostra casa e delle nostre azioni: l&#8217;incontro.[\/vc_column_text][\/vc_column][vc_column width=&#8221;1\/6&#8243;][\/vc_column][\/vc_row][vc_row row_content_width=&#8221;grid&#8221; css=&#8221;.vc_custom_1622106179903{padding-bottom: 120px !important;}&#8221;][vc_column width=&#8221;1\/6&#8243;][\/vc_column][vc_column width=&#8221;2\/3&#8243;]<div class=\"mkdf-section-title-holder  mkdf-st-standard mkdf-st-ha-center mkdf-st-title-left mkdf-st-normal-space \" style=\"text-align: center\">\n\t<div class=\"mkdf-st-inner\">\n\t\t\t\t\t\t\t<h3 class=\"mkdf-st-title\" >\n\t\t\t\tIl nostro obiettivo \u00e8 favorire e promuovere la comunit\u00e0.\t\t\t\t\t\t\t<\/h3>\n\t\t\t\t\t\t\t<\/div>\n<\/div>[vc_column_text css=&#8221;.vc_custom_1732725678199{padding-top: 18px !important;}&#8221;]Per questo motivo, nella nostra gestione aziendale, adottiamo le <a href=\"https:\/\/amspiegeln.at\/wp-content\/uploads\/2021\/05\/Fuehrungslinien_fuer_Betriebe_der_WiG.pdf\">linee guida<\/a> per le imprese dell&#8217;initiativa<a href=\"https:\/\/www.edc-online.org\"> Economia di Comunione<\/a>.<\/p>\n<ul>\n<li>Per noi la comunit\u00e0 \u00e8 il valore fondamentale che caratterizza il lavoro di squadra a tutti i livelli. Prestiamo particolare attenzione alla qualit\u00e0 delle relazioni tra tutte le persone coinvolte.<\/li>\n<li>Ci impegniamo a costruire e ampliare relazioni professionali buone e aperte con i nostri clienti e fornitori. Per noi \u00e8 importante contribuire al benessere della societ\u00e0 nel 23\u00b0 distretto e oltre.<\/li>\n<li>Offriamo\u00a0ai nostri dipendenti l&#8217;opportunit\u00e0 di uno sviluppo professionale e personale. Cerchiamo di sfruttare le difficolt\u00e0 e i disagi della vita lavorativa quotidiana come opportunit\u00e0 per crescere e maturare sia insieme che come individui.<\/li>\n<li>Le feste aziendali sono per noi importanti per coltivare i rapporti reciproci, anche nella vita lavorativa normale (compleanni, addii, ecc.). In questo modo, rafforziamo i rapporti reciproci e allo stesso tempo promuoviamo l&#8217;identificazione con la comunit\u00e0 aziendale.<\/li>\n<li>Il design accattivante e armonioso dell&#8217;edificio \u00e8 per noi un grande valore. Igiene, pulizia e ordine sono al servizio del benessere di dipendenti, clienti e fornitori.<\/li>\n<li>Promuoviamo un clima di fiducia e sostegno reciproco tra tutti i dipendenti. Tutti i nostri dipendenti utilizzano il proprio talento, le proprie idee e le proprie capacit\u00e0 a beneficio di tutti. Chiunque abbia partecipato a un programma di formazione condivide con gli altri le conoscenze appena acquisite.<\/li>\n<li>Lavoriamo costantemente per creare un clima di comunicazione aperto e onesto che promuova lo scambio di idee e informazioni in tutte le aree di responsabilit\u00e0. La comunit\u00e0 ha bisogno di <a href=\"https:\/\/amspiegeln.at\/newsletter-anmeldung\/\">comunicazione<\/a>.<\/li>\n<\/ul>\n<p>La nostra casa \u00e8 uno dei tanti centri di incontro del Movimento dei Focolari nel mondo.[\/vc_column_text][\/vc_column][vc_column width=&#8221;1\/6&#8243;][\/vc_column][\/vc_row][vc_row][vc_column][vc_widget_sidebar sidebar_id=&#8221;content-bottom&#8221;][\/vc_column][\/vc_row]<\/p>\n<\/div>","protected":false},"excerpt":{"rendered":"<p>[vc_row row_content_width=&#8221;grid&#8221; css=&#8221;.vc_custom_1620822436695{padding-top: 100px !important;padding-bottom: 60px !important;}&#8221;][vc_column width=&#8221;1\/6&#8243;][\/vc_column][vc_column width=&#8221;2\/3&#8243; el_class=&#8221;spiegel-center&#8221;][\/vc_column][vc_column width=&#8221;1\/6&#8243;][\/vc_column][\/vc_row][vc_row row_content_width=&#8221;grid&#8221; css=&#8221;.vc_custom_1622106179903{padding-bottom: 120px !important;}&#8221;][vc_column width=&#8221;1\/6&#8243;][\/vc_column][vc_column width=&#8221;2\/3&#8243;][vc_column_text css=&#8221;.vc_custom_1732725375501{padding-top: 18px !important;}&#8221;]Affinch\u00e9 la nostra vita abbia successo, abbiamo bisogno di una comunit\u00e0. Nelle famiglie, nelle aziende, nelle organizzazioni e nei Paesi. Nessuno [&hellip;]<\/p>\n","protected":false},"author":1,"featured_media":0,"parent":0,"menu_order":0,"comment_status":"closed","ping_status":"closed","template":"","meta":{"inline_featured_image":false,"footnotes":""},"class_list":["post-14694","page","type-page","status-publish","hentry"],"_links":{"self":[{"href":"https:\/\/amspiegeln.at\/it\/wp-json\/wp\/v2\/pages\/14694","targetHints":{"allow":["GET"]}}],"collection":[{"href":"https:\/\/amspiegeln.at\/it\/wp-json\/wp\/v2\/pages"}],"about":[{"href":"https:\/\/amspiegeln.at\/it\/wp-json\/wp\/v2\/types\/page"}],"author":[{"embeddable":true,"href":"https:\/\/amspiegeln.at\/it\/wp-json\/wp\/v2\/users\/1"}],"replies":[{"embeddable":true,"href":"https:\/\/amspiegeln.at\/it\/wp-json\/wp\/v2\/comments?post=14694"}],"version-history":[{"count":9,"href":"https:\/\/amspiegeln.at\/it\/wp-json\/wp\/v2\/pages\/14694\/revisions"}],"predecessor-version":[{"id":16786,"href":"https:\/\/amspiegeln.at\/it\/wp-json\/wp\/v2\/pages\/14694\/revisions\/16786"}],"wp:attachment":[{"href":"https:\/\/amspiegeln.at\/it\/wp-json\/wp\/v2\/media?parent=14694"}],"curies":[{"name":"wp","href":"https:\/\/api.w.org\/{rel}","templated":true}]}}